{"id":197,"date":"2016-10-09T15:14:43","date_gmt":"2016-10-09T15:14:43","guid":{"rendered":"http:\/\/test.nikno.de\/?page_id=197"},"modified":"2016-10-09T15:16:42","modified_gmt":"2016-10-09T15:16:42","slug":"impressum","status":"publish","type":"page","link":"https:\/\/nikno.de\/index.php\/impressum\/","title":{"rendered":"Impressum"},"content":{"rendered":"<p>Nikolai Nowaczyk<br \/>\nArlberger Str. 22a<br \/>\n47249 Duisburg<\/p>\n<h2>Inhaltlich Verantwortlicher gem. \u00a76 MDStV<\/h2>\n<p>Nikolai Nowaczyk<\/p>\n<h2>Haftungshinweis<\/h2>\n<p>Trotz sorgf\u00e4ltiger inhaltlicher Kontrolle \u00fcbernehmen wir keine Haftung f\u00fcr die Inhalte externer Links. F\u00fcr den Inhalt der verlinkten Seiten sind ausschlie\u00dflich deren Betreiber verantwortlich.<\/p>\n<p>Alle Markennamen und Warenzeichen sind Eigentum der jeweiligen Inhaber und dienen hier nur der Beschreibung.<\/p>\n","protected":false},"excerpt":{"rendered":"<p>Nikolai Nowaczyk Arlberger Str. 22a 47249 Duisburg Inhaltlich Verantwortlicher gem. \u00a76 MDStV Nikolai Nowaczyk Haftungshinweis Trotz sorgf\u00e4ltiger inhaltlicher Kontrolle \u00fcbernehmen wir keine Haftung f\u00fcr die Inhalte externer Links. F\u00fcr den Inhalt der verlinkten Seiten sind ausschlie\u00dflich deren Betreiber verantwortlich. Alle Markennamen und Warenzeichen sind Eigentum der jeweiligen Inhaber und dienen hier nur der Beschreibung.<\/p>\n","protected":false},"author":1,"featured_media":0,"parent":0,"menu_order":0,"comment_status":"closed","ping_status":"closed","template":"","meta":{"footnotes":""},"class_list":["post-197","page","type-page","status-publish","hentry"],"_links":{"self":[{"href":"https:\/\/nikno.de\/index.php\/wp-json\/wp\/v2\/pages\/197","targetHints":{"allow":["GET"]}}],"collection":[{"href":"https:\/\/nikno.de\/index.php\/wp-json\/wp\/v2\/pages"}],"about":[{"href":"https:\/\/nikno.de\/index.php\/wp-json\/wp\/v2\/types\/page"}],"author":[{"embeddable":true,"href":"https:\/\/nikno.de\/index.php\/wp-json\/wp\/v2\/users\/1"}],"replies":[{"embeddable":true,"href":"https:\/\/nikno.de\/index.php\/wp-json\/wp\/v2\/comments?post=197"}],"version-history":[{"count":4,"href":"https:\/\/nikno.de\/index.php\/wp-json\/wp\/v2\/pages\/197\/revisions"}],"predecessor-version":[{"id":202,"href":"https:\/\/nikno.de\/index.php\/wp-json\/wp\/v2\/pages\/197\/revisions\/202"}],"wp:attachment":[{"href":"https:\/\/nikno.de\/index.php\/wp-json\/wp\/v2\/media?parent=197"}],"curies":[{"name":"wp","href":"https:\/\/api.w.org\/{rel}","templated":true}]}}